{"id":16,"date":"2018-06-04T17:25:45","date_gmt":"2018-06-04T15:25:45","guid":{"rendered":"https:\/\/wirderledigt.at\/?page_id=16"},"modified":"2025-10-11T09:26:30","modified_gmt":"2025-10-11T07:26:30","slug":"main","status":"publish","type":"page","link":"https:\/\/wirderledigt.at\/","title":{"rendered":"main"},"content":{"rendered":"<div id=\"cs-content\" class=\"cs-content\"><div class=\"x-section e16-e1 mg-0 mg-1 mg-2 mg-3 mg-4 mg-5 mg-6\" id=\"top\"><div class=\"x-bg\" aria-hidden=\"true\"><div class=\"x-bg-layer-lower-image\" data-x-element-bg-layer=\"{&quot;parallaxSize&quot;:&quot;150%&quot;,&quot;parallaxDir&quot;:&quot;v&quot;,&quot;parallaxRev&quot;:false}\"><\/div><div class=\"x-bg-layer-upper-image\" data-x-element-bg-layer=\"{&quot;parallaxSize&quot;:&quot;205%&quot;,&quot;parallaxDir&quot;:&quot;h&quot;,&quot;parallaxRev&quot;:false}\"><\/div><\/div><div class=\"x-container marginless-columns e16-e2 mg-j mg-k mg-l mg-m\"><div class=\"x-column x-sm x-1-1 e16-e3 mg-x\"><hr class=\"x-line e16-e4 mg-10 mg-11\"\/><span class=\"x-image e16-e5 mg-13 mg-14 mg-15 mg-16\"><img decoding=\"async\" src=\"https:\/\/wirderledigt.at\/wp-content\/uploads\/2018\/06\/mexl_banner.png\" width=\"1425\" height=\"600\" alt=\"Image\" loading=\"lazy\"><\/span><\/div><\/div><\/div><div class=\"x-section e16-e6 mg-0 mg-3 mg-4 mg-6 mg-7 mg-8 mg-9 mg-a\"><div class=\"x-bg\" aria-hidden=\"true\"><div class=\"x-bg-layer-lower-image\" data-x-element-bg-layer=\"{&quot;parallaxSize&quot;:&quot;150%&quot;,&quot;parallaxDir&quot;:&quot;v&quot;,&quot;parallaxRev&quot;:false}\"><\/div><div class=\"x-bg-layer-upper-image\" data-x-element-bg-layer=\"{&quot;parallaxSize&quot;:&quot;160%&quot;,&quot;parallaxDir&quot;:&quot;h&quot;,&quot;parallaxRev&quot;:false}\"><\/div><\/div><div class=\"x-container max width e16-e7 mg-j mg-k mg-l mg-m\"><div class=\"x-column x-sm x-1-1 e16-e8 mg-x\"><div class=\"x-text x-text-headline e16-e9 mg-19 mg-1a mg-1b mg-1c mg-1d\"><div class=\"x-text-content\"><div class=\"x-text-content-text\"><h1 class=\"x-text-content-text-primary\">wir machen es einfach!<\/h1>\n<\/div><\/div><\/div><\/div><\/div><\/div><div class=\"x-section e16-e10 mg-0 mg-b mg-c\" id=\"wie\"><div class=\"x-container max width e16-e11 mg-j mg-k mg-l mg-m\"><div class=\"x-column x-sm x-1-1 e16-e12 mg-x\"><div class=\"x-text x-text-headline e16-e13 mg-19 mg-1e mg-1f mg-1g\"><div class=\"x-text-content\"><div class=\"x-text-content-text\"><h1 class=\"x-text-content-text-primary\">Geht nicht - gibt's nicht!<\/h1>\n<\/div><\/div><\/div><div class=\"x-text x-content e16-e14 mg-1r mg-1s mg-1t mg-1u mg-1v mg-1w\"><p>Dieses Motto haben wir uns vorgenommen. Bei uns erhalten Sie unkomplizierte Hilfe f\u00fcr die Arbeiten, die endlich erledigt werden m\u00fcssen. Warten Sie nicht bis Ihnen der Rasen bei der T\u00fcre herein w\u00e4chst, die Vorh\u00e4nge auf den Kopf fallen oder sich der Schrank von alleine aufstellt. Wir sind erfahrene Profis; P\u00fcnktlichkeit ist bei uns ebenso gro\u00dfgeschrieben wie Saubereit. Bestellen Sie noch heute und nutzen sie Ihren Vorteil f\u00fcr eine unkomplizierte Abwicklung.<\/p><\/div><\/div><\/div><div class=\"x-container max width e16-e15 mg-j mg-k mg-l mg-n mg-o mg-p mg-q\"><div class=\"x-column x-sm x-1-3 e16-e16 mg-x mg-y\"><span class=\"x-image e16-e17 mg-13 mg-15\"><img decoding=\"async\" src=\"https:\/\/wirderledigt.at\/wp-content\/uploads\/2018\/06\/problem.png\" width=\"325\" height=\"325\" alt=\"Image\" loading=\"lazy\"><\/span><div class=\"x-text x-content e16-e18 mg-1r mg-1s mg-1t mg-1x mg-1y\">Gartenarbeit, Montage, Transporte, Reparaturen, R\u00e4umung,...<\/div><\/div><div class=\"x-column x-sm x-1-3 e16-e19 mg-x mg-y\"><span class=\"x-image e16-e20 mg-13 mg-15\"><img decoding=\"async\" src=\"https:\/\/wirderledigt.at\/wp-content\/uploads\/2018\/06\/kontakt.png\" width=\"325\" height=\"325\" alt=\"Image\" loading=\"lazy\"><\/span><div class=\"x-text x-content e16-e21 mg-1r mg-1s mg-1t mg-1x mg-1y\">Rufen Sie uns an, schreiben Sie uns<\/div><\/div><div class=\"x-column x-sm x-1-3 e16-e22 mg-x mg-y\"><span class=\"x-image e16-e23 mg-13 mg-15\"><img decoding=\"async\" src=\"https:\/\/wirderledigt.at\/wp-content\/uploads\/2018\/06\/erledigt.png\" width=\"325\" height=\"325\" alt=\"Image\" loading=\"lazy\"><\/span><div class=\"x-text x-content e16-e24 mg-1r mg-1s mg-1t mg-1x mg-1y\">wir erledigen den Rest!<\/div><\/div><\/div><\/div><div class=\"x-section e16-e25 mg-0 mg-1 mg-4 mg-6 mg-a mg-d mg-e\"><div class=\"x-bg\" aria-hidden=\"true\"><div class=\"x-bg-layer-lower-image\" data-x-element-bg-layer=\"{&quot;parallaxSize&quot;:&quot;150%&quot;,&quot;parallaxDir&quot;:&quot;h&quot;,&quot;parallaxRev&quot;:false}\"><\/div><div class=\"x-bg-layer-upper-image\" data-x-element-bg-layer=\"{&quot;parallaxSize&quot;:&quot;195%&quot;,&quot;parallaxDir&quot;:&quot;h&quot;,&quot;parallaxRev&quot;:false}\"><\/div><\/div><div class=\"x-container e16-e26 mg-j mg-k mg-l mg-m\"><div class=\"x-column x-sm x-1-1 e16-e27 mg-x\"><span class=\"x-image e16-e28 mg-13 mg-15\"><img decoding=\"async\" src=\"https:\/\/wirderledigt.at\/wp-content\/uploads\/2018\/06\/Gardener.jpg\" width=\"1950\" height=\"821\" alt=\"Image\" loading=\"lazy\"><\/span><\/div><\/div><\/div><div class=\"x-section e16-e29 mg-0 mg-b\" id=\"was\"><div class=\"x-container max width e16-e30 mg-j mg-k mg-m mg-r\"><div class=\"x-column x-sm x-1-1 e16-e31 mg-x mg-y\"><div class=\"x-text x-text-headline e16-e32 mg-19 mg-1c mg-1e mg-1h mg-1i\"><div class=\"x-text-content\"><div class=\"x-text-content-text\"><h1 class=\"x-text-content-text-primary\">Einfach erledigt!<\/h1>\n<\/div><\/div><\/div><div class=\"x-text x-content e16-e33 mg-1r mg-1u mg-1v mg-1z mg-20\">wirderledigt steht f\u00fcr eine neue Form der Dienstleistung. Wir beraten und setzen so schnell wie m\u00f6glich um. Und jene T\u00e4tigkeiten und Aufgaben, die wir selbst nicht l\u00f6sen k\u00f6nnen, lassen wir von unseren Partnern machen. Wir garantieren jedoch daf\u00fcr, dass alle Arbeiten in wirderledigt-Qualit\u00e4t erledigt werden.\nUnser Ziel ist es, unsere Kunden zufriedener zu machen.<\/div><\/div><\/div><div class=\"x-container max width e16-e34 mg-j mg-k mg-m mg-r\"><div class=\"x-column x-sm x-1-2 e16-e35 mg-x mg-y\"><span class=\"x-image e16-e36 mg-13 mg-15\"><img decoding=\"async\" src=\"https:\/\/wirderledigt.at\/wp-content\/uploads\/2018\/06\/transport.png\" width=\"325\" height=\"325\" alt=\"Image\" loading=\"lazy\"><\/span><div class=\"x-text x-text-headline e16-e37 mg-19 mg-1c mg-1e mg-1h mg-1i\"><div class=\"x-text-content\"><div class=\"x-text-content-text\"><h1 class=\"x-text-content-text-primary\">Alles was von A nach B muss<\/h1>\n<\/div><\/div><\/div><div class=\"x-text x-content e16-e38 mg-1r mg-1u mg-1v mg-1z mg-20\">Wir sind ein erfahrenes Transport und Dienstleistungsunternehmen, bef\u00f6rdern alles was nicht gerade einbetoniert ist, schnell - unkompliziert und unb\u00fcrokratisch.<\/div><\/div><div class=\"x-column x-sm x-1-2 e16-e39 mg-x mg-y\"><span class=\"x-image e16-e40 mg-13 mg-15\"><img decoding=\"async\" src=\"https:\/\/wirderledigt.at\/wp-content\/uploads\/2018\/06\/garten.png\" width=\"325\" height=\"325\" alt=\"Image\" loading=\"lazy\"><\/span><div class=\"x-text x-text-headline e16-e41 mg-19 mg-1c mg-1e mg-1h mg-1i\"><div class=\"x-text-content\"><div class=\"x-text-content-text\"><h1 class=\"x-text-content-text-primary\">schnipp, schnapp; Rasen ab<\/h1>\n<\/div><\/div><\/div><div class=\"x-text x-content e16-e42 mg-1r mg-1u mg-1v mg-1z mg-20\">Garten, Rasen, Terrasse; Warten sie nicht bis ihr Gr\u00fcnzeug beim Fenster herein w\u00e4chst. Wir trimmen, schneiden, m\u00e4hen f\u00fcr Sie - w\u00e4hrend Sie entspannt im Liegestuhl lesen oder wichtigere Dinge erledigen.<\/div><\/div><\/div><div class=\"x-container max width e16-e43 mg-j mg-k mg-l mg-m\"><div class=\"x-column x-sm x-1-1 e16-e44 mg-x\"><hr class=\"x-line e16-e45 mg-26\"\/><\/div><\/div><div class=\"x-container max width e16-e46 mg-k mg-m mg-s\"><div class=\"x-column x-sm x-1-2 e16-e47 mg-x mg-y\"><span class=\"x-image e16-e48 mg-13 mg-15\"><img decoding=\"async\" src=\"https:\/\/wirderledigt.at\/wp-content\/uploads\/2018\/06\/reingung.png\" width=\"325\" height=\"325\" alt=\"Image\" loading=\"lazy\"><\/span><div class=\"x-text x-text-headline e16-e49 mg-19 mg-1c mg-1e mg-1h mg-1i\"><div class=\"x-text-content\"><div class=\"x-text-content-text\"><h1 class=\"x-text-content-text-primary\">Schluss mit schmutzig <\/h1>\n<\/div><\/div><\/div><div class=\"x-text x-content e16-e50 mg-1r mg-1u mg-1v mg-1z mg-20\"><span>Die Reinigung nach einer \u00dcbersiedlung oder das verschmutze Auto, <\/span><span>die B\u00fcror\u00e4umlichkeiten oder das Foyer, das Lager oder ihre Verkaufsfl\u00e4che,<\/span><span> wir machen alles blitzblank sauber. Fragen Sie uns, wir bringen die Dinge zum gl\u00e4nzen.<\/span><\/div><\/div><div class=\"x-column x-sm x-1-2 e16-e51 mg-x mg-y\"><span class=\"x-image e16-e52 mg-13 mg-15\"><img decoding=\"async\" src=\"https:\/\/wirderledigt.at\/wp-content\/uploads\/2018\/06\/reparatur_2.png\" width=\"325\" height=\"325\" alt=\"Image\" loading=\"lazy\"><\/span><div class=\"x-text x-text-headline e16-e53 mg-19 mg-1c mg-1e mg-1h mg-1i\"><div class=\"x-text-content\"><div class=\"x-text-content-text\"><h1 class=\"x-text-content-text-primary\">Montieren, schrauben, fixieren<\/h1>\n<\/div><\/div><\/div><div class=\"x-text x-content e16-e54 mg-1r mg-1u mg-1v mg-1z mg-20\">Egal ob Vorhangstange, ganzes Wohnzimmer oder das B\u00fcro. Wir montieren, schrauben, h\u00e4mmern. Vom Aufbau der M\u00f6bel bis hin zum Abbau ganzer Einrichtungen. Fragen Sie an, wir beraten Sie gerne.<\/div><\/div><\/div><div class=\"x-container max width e16-e55 mg-k mg-m mg-s\"><div class=\"x-column x-sm x-1-2 e16-e56 mg-x mg-y\"><span class=\"x-image e16-e57 mg-13 mg-15\"><img decoding=\"async\" src=\"https:\/\/wirderledigt.at\/wp-content\/uploads\/2021\/04\/umbau.png\" width=\"325\" height=\"325\" alt=\"Image\" loading=\"lazy\"><\/span><div class=\"x-text x-text-headline e16-e58 mg-19 mg-1c mg-1e mg-1h mg-1i\"><div class=\"x-text-content\"><div class=\"x-text-content-text\"><h1 class=\"x-text-content-text-primary\">Kleine Korrekturen und gr\u00f6\u00dfere Umbauten<\/h1>\n<\/div><\/div><\/div><div class=\"x-text x-content e16-e59 mg-1r mg-1u mg-1v mg-1z mg-20\"><p><\/p>\n<p>Neue Fliesen, ausmalen oder nur eine Steckdose verlegen? All das wird ebenso schnell und zuverl\u00e4ssig erledigt, wie die Sanierung einer Terrasse, die Errichtung eines Zaunes oder der Umbau einer ganzen Garage.<\/p>\n<p>Rund ums Haus - gerne - wirderledigt !<\/p><\/div><\/div><div class=\"x-column x-sm x-1-2 e16-e60 mg-x mg-y\"><span class=\"x-image e16-e61 mg-13 mg-15\"><img decoding=\"async\" src=\"https:\/\/wirderledigt.at\/wp-content\/uploads\/2021\/04\/sicherheit.png\" width=\"325\" height=\"325\" alt=\"Image\" loading=\"lazy\"><\/span><div class=\"x-text x-text-headline e16-e62 mg-19 mg-1c mg-1e mg-1h mg-1i\"><div class=\"x-text-content\"><div class=\"x-text-content-text\"><h1 class=\"x-text-content-text-primary\">\u00dcberwachen, sichern und beraten<\/h1>\n<\/div><\/div><\/div><div class=\"x-text x-content e16-e63 mg-1r mg-1u mg-1v mg-1z mg-20\">Von der Beratung bis hin zum Alarmanlageneinbau oder bei der Installation von \u00dcberwachungskameras oder Schlie\u00dfanlagen \u2013  mit wirderledigt haben Sie einen fairen und zuverl\u00e4ssigen Partner. Auch bei Portierdiensten, Event-Dienste, Garderobendienstleistungen, allgemeines Sicherheitsdienstleistungen und beim Personenschutz sind wir die richtigen Partner.<\/div><\/div><\/div><div class=\"x-container max width e16-e64 mg-k mg-m mg-s\"><div class=\"x-column x-sm x-1-2 e16-e65 mg-x mg-y\"><span class=\"x-image e16-e66 mg-13 mg-15\"><img decoding=\"async\" src=\"https:\/\/wirderledigt.at\/wp-content\/uploads\/2021\/04\/rundumsauto.png\" width=\"325\" height=\"325\" alt=\"Image\" loading=\"lazy\"><\/span><div class=\"x-text x-text-headline e16-e67 mg-19 mg-1c mg-1e mg-1h mg-1i\"><div class=\"x-text-content\"><div class=\"x-text-content-text\"><h1 class=\"x-text-content-text-primary\">Von klein bis gross wir haben das passende Werkzeug<\/h1>\n<\/div><\/div><\/div><div class=\"x-text x-content e16-e68 mg-1r mg-1u mg-1v mg-1z mg-20\"><span>Kleine Reparaturen wie Steinschlag f\u00e4llt ebenso in unseren Aufgabenbereich wie die Au\u00dfen- und Innenreinigung Ihres Autos oder auch \u00dcberstellungsfahrten in die KFZ-Werkstatt. wirderledigt unterst\u00fctzt und hilft.<\/span><\/div><\/div><div class=\"x-column x-sm x-1-2 e16-e69 mg-x mg-y\"><span class=\"x-image e16-e70 mg-13 mg-15\"><img decoding=\"async\" src=\"https:\/\/wirderledigt.at\/wp-content\/uploads\/2021\/04\/ideen.png\" width=\"325\" height=\"325\" alt=\"Image\" loading=\"lazy\"><\/span><div class=\"x-text x-text-headline e16-e71 mg-19 mg-1c mg-1e mg-1h mg-1i\"><div class=\"x-text-content\"><div class=\"x-text-content-text\"><h1 class=\"x-text-content-text-primary\">W\u00fcnsche? Ideen ?<\/h1>\n<\/div><\/div><\/div><div class=\"x-text x-content e16-e72 mg-1r mg-1u mg-1v mg-1z mg-20\"><p>Sie haben Ideen oder W\u00fcnsche die wir erf\u00fcllen sollen !! Schreiben Sie uns \u2013 wir machen es einfach\u2026schwupps und schon - wirderledigt !<\/p>\n<p><br \/>\n<br \/>\n<\/p><\/div><\/div><\/div><\/div><div class=\"x-section e16-e73 mg-0 mg-7 mg-f\" id=\"abwicklung\"><div class=\"x-container max width e16-e74 mg-j mg-k mg-l mg-m\"><div class=\"x-column x-sm x-1-1 e16-e75 mg-x\"><div class=\"x-text x-text-headline e16-e76 mg-19 mg-1b mg-1g mg-1j mg-1k mg-1l\"><div class=\"x-text-content\"><div class=\"x-text-content-text\"><h1 class=\"x-text-content-text-primary\">.. uns so einfach ist unsere Abwicklung<\/h1>\n<\/div><\/div><\/div><div class=\"x-text x-content e16-e77 mg-1r mg-1s mg-1t mg-1u mg-1v mg-21\">Wir halten nichts von komplizierten Formularen und Bestellungen, bei uns wird es einfach erledigt! <span>Zahlen Sie bar <\/span><span>oder mit Bankomatkarte<\/span><span> nach Erledigung.<\/span> Wir machen es einfach; das ist in jeder Beziehung unser Motto... let's start something new!<\/div><\/div><\/div><div class=\"x-container max width e16-e78 mg-j mg-k mg-l mg-n mg-o mg-t\"><div class=\"x-column x-sm x-1-2 e16-e79 mg-x\"><span class=\"x-image e16-e80 mg-13 mg-15\"><img decoding=\"async\" src=\"https:\/\/wirderledigt.at\/wp-content\/uploads\/2018\/06\/karter.png\" width=\"718\" height=\"468\" alt=\"Image\" loading=\"lazy\"><\/span><\/div><div class=\"x-column x-sm x-1-2 e16-e81 mg-x\"><div class=\"x-text x-text-headline e16-e82 mg-19 mg-1b mg-1c mg-1k mg-1l mg-1m mg-1n\"><div class=\"x-text-content\"><div class=\"x-text-content-text\"><h1 class=\"x-text-content-text-primary\"><p>1. Anrufen, Email schreiben und kurz beschreiben was<span style=\"color: #ffff00;\"> erledigt werden <\/span>soll<\/p><\/h1>\n<\/div><\/div><\/div><div class=\"x-text x-text-headline e16-e83 mg-19 mg-1c mg-1e mg-1i mg-1n\"><div class=\"x-text-content\"><div class=\"x-text-content-text\"><h1 class=\"x-text-content-text-primary\">2. Kostenvoranschlag erhalten<\/h1>\n<\/div><\/div><\/div><div class=\"x-text x-text-headline e16-e84 mg-19 mg-1c mg-1e mg-1i mg-1n\"><div class=\"x-text-content\"><div class=\"x-text-content-text\"><h1 class=\"x-text-content-text-primary\"><p>3. <span style=\"color: #ffff00;\">Beauftragen<\/span> - wird erledigt - dann zahlen.<\/p><\/h1>\n<\/div><\/div><\/div><ul id=\"\" class=\"x-ul-icons\" style=\"\" ><\/ul><\/div><\/div><\/div><div class=\"x-section e16-e86 mg-0 mg-1 mg-4 mg-6 mg-a mg-d mg-e\"><div class=\"x-bg\" aria-hidden=\"true\"><div class=\"x-bg-layer-lower-image\" data-x-element-bg-layer=\"{&quot;parallaxSize&quot;:&quot;150%&quot;,&quot;parallaxDir&quot;:&quot;h&quot;,&quot;parallaxRev&quot;:false}\"><\/div><div class=\"x-bg-layer-upper-image\" data-x-element-bg-layer=\"{&quot;parallaxSize&quot;:&quot;195%&quot;,&quot;parallaxDir&quot;:&quot;h&quot;,&quot;parallaxRev&quot;:false}\"><\/div><\/div><div class=\"x-container e16-e87 mg-j mg-k mg-l mg-m\"><div class=\"x-column x-sm x-1-1 e16-e88 mg-x\"><span class=\"x-image e16-e89 mg-13 mg-15\"><img decoding=\"async\" src=\"https:\/\/wirderledigt.at\/wp-content\/uploads\/2018\/06\/transport_main.jpg\" width=\"1960\" height=\"825\" alt=\"Image\" loading=\"lazy\"><\/span><\/div><\/div><\/div><div class=\"x-section e16-e90 mg-0 mg-7 mg-g\" id=\"ablauf\"><div class=\"x-container max width e16-e91 mg-j mg-k mg-l mg-m\"><div class=\"x-column x-sm x-1-1 e16-e92 mg-x\"><div class=\"x-text x-text-headline e16-e93 mg-19 mg-1b mg-1c mg-1d mg-1i mg-1o mg-1p\"><div class=\"x-text-content\"><div class=\"x-text-content-text\"><h1 class=\"x-text-content-text-primary\">.. und so funktioniert es<\/h1>\n<\/div><\/div><\/div><\/div><\/div><div class=\"x-container max width e16-e94 mg-j mg-k mg-l mg-u\"><div class=\"x-column x-sm x-1-2 e16-e95 mg-x mg-z\"><div class=\"x-text x-text-headline e16-e96 mg-19 mg-1c mg-1h mg-1i mg-1k mg-1q\"><div class=\"x-text-content\"><div class=\"x-text-content-text\"><h1 class=\"x-text-content-text-primary\">1. Kontakt<\/h1>\n<\/div><\/div><\/div><div class=\"x-text x-content e16-e97 mg-1r mg-1s mg-1u mg-1v mg-20 mg-22\"><p>Rufen Sie uns an, schreiben Sie uns ein Email oder verwenden sie das Formular um mit uns in Kontakt zu treten.<\/p><\/div><\/div><div class=\"x-column x-sm x-1-2 e16-e98 mg-x mg-z\"><div class=\"x-text x-text-headline e16-e99 mg-19 mg-1c mg-1h mg-1i mg-1k mg-1q\"><div class=\"x-text-content\"><div class=\"x-text-content-text\"><h1 class=\"x-text-content-text-primary\">2. Kostenberechnung<\/h1>\n<\/div><\/div><\/div><div class=\"x-text x-content e16-e100 mg-1r mg-1s mg-1u mg-1v mg-20 mg-22\">Teilen sie uns mit was sie genau ben\u00f6tigen, wir haben Erfahrung in der Kalkulation und k\u00f6nnen Ihnen auch rasch einen Richtpreis nennen.<\/div><\/div><\/div><div class=\"x-container max width e16-e101 mg-k mg-u mg-v\"><div class=\"x-column x-sm x-1-2 e16-e102 mg-x mg-z\"><div class=\"x-text x-text-headline e16-e103 mg-19 mg-1c mg-1h mg-1i mg-1k mg-1q\"><div class=\"x-text-content\"><div class=\"x-text-content-text\"><h1 class=\"x-text-content-text-primary\">3. Termin<\/h1>\n<\/div><\/div><\/div><div class=\"x-text x-content e16-e104 mg-1r mg-1s mg-1u mg-1v mg-20 mg-22\">Vereinbaren Sie einen Termin. Wir sind p\u00fcnktlich, verl\u00e4sslich und unkompliziert.<\/div><\/div><div class=\"x-column x-sm x-1-2 e16-e105 mg-x mg-z\"><div class=\"x-text x-text-headline e16-e106 mg-19 mg-1c mg-1h mg-1i mg-1k mg-1q\"><div class=\"x-text-content\"><div class=\"x-text-content-text\"><h1 class=\"x-text-content-text-primary\">4. Erledigt!<\/h1>\n<\/div><\/div><\/div><div class=\"x-text x-content e16-e107 mg-1r mg-1s mg-1u mg-1v mg-20 mg-22\">Unsere Fachkr\u00e4fte kommen zur vereinbarten Zeit zu Ihnen und erledigen die ausgemachte Arbeit. Zahlen Sie bar oder mit Bankomatkarte nach Erledigung. - fertig!<\/div><\/div><\/div><\/div><div class=\"x-section e16-e108 mg-0 mg-1 mg-4 mg-6 mg-a mg-d mg-e\"><div class=\"x-bg\" aria-hidden=\"true\"><div class=\"x-bg-layer-lower-image\" data-x-element-bg-layer=\"{&quot;parallaxSize&quot;:&quot;150%&quot;,&quot;parallaxDir&quot;:&quot;h&quot;,&quot;parallaxRev&quot;:false}\"><\/div><div class=\"x-bg-layer-upper-image\" data-x-element-bg-layer=\"{&quot;parallaxSize&quot;:&quot;195%&quot;,&quot;parallaxDir&quot;:&quot;h&quot;,&quot;parallaxRev&quot;:false}\"><\/div><\/div><div class=\"x-container e16-e109 mg-j mg-k mg-l mg-m\"><div class=\"x-column x-sm x-1-1 e16-e110 mg-x\"><span class=\"x-image e16-e111 mg-13 mg-15\"><img decoding=\"async\" src=\"https:\/\/wirderledigt.at\/wp-content\/uploads\/2019\/03\/Montage.jpg\" width=\"2100\" height=\"884\" alt=\"Image\" loading=\"lazy\"><\/span><\/div><\/div><\/div><div class=\"x-section e16-e112 mg-0 mg-7\" id=\"kontakt\"><div class=\"x-container max width e16-e113 mg-j mg-k mg-l mg-m\"><div class=\"x-column x-sm x-1-1 e16-e114 mg-x mg-y\"><div class=\"x-text x-text-headline e16-e115 mg-19 mg-1c mg-1e mg-1i mg-1p\"><div class=\"x-text-content\"><div class=\"x-text-content-text\"><h1 class=\"x-text-content-text-primary\">Kontakt<\/h1>\n<\/div><\/div><\/div><\/div><\/div><div class=\"x-container max width e16-e116 mg-j mg-k mg-l mg-o mg-p mg-w\"><div class=\"x-column x-sm x-1-2 e16-e117 mg-x mg-y\"><span class=\"x-image e16-e118 mg-13 mg-15 mg-16 mg-17\"><img decoding=\"async\" src=\"https:\/\/wirderledigt.at\/wp-content\/uploads\/2018\/06\/kontakt.png\" width=\"650\" height=\"650\" alt=\"Image\" loading=\"lazy\"><\/span><\/div><div class=\"x-column x-sm x-1-2 e16-e119 mg-x\"><div class=\"x-text x-content e16-e120 mg-1r mg-1x mg-20 mg-23 mg-24\"><p><span style=\"color: #ff00ff;\">Hotline: <span lang=\"DE\"><span>+ 43 1\u00a0<\/span><\/span><span>376 49 37<\/span><\/span><\/p>\n<p>Talpagasse 1A\/Tor 2, 1230 Wien<\/p><\/div><\/div><\/div><\/div><div class=\"x-section e16-e121 mg-0 mg-1 mg-4 mg-6 mg-a mg-d mg-e\"><div class=\"x-bg\" aria-hidden=\"true\"><div class=\"x-bg-layer-lower-image\" data-x-element-bg-layer=\"{&quot;parallaxSize&quot;:&quot;150%&quot;,&quot;parallaxDir&quot;:&quot;h&quot;,&quot;parallaxRev&quot;:false}\"><\/div><div class=\"x-bg-layer-upper-image\" data-x-element-bg-layer=\"{&quot;parallaxSize&quot;:&quot;195%&quot;,&quot;parallaxDir&quot;:&quot;h&quot;,&quot;parallaxRev&quot;:false}\"><\/div><\/div><div class=\"x-container e16-e122 mg-j mg-k mg-l mg-m\"><div class=\"x-column x-sm x-1-1 e16-e123 mg-x\"><span class=\"x-image e16-e124 mg-13 mg-15\"><img decoding=\"async\" src=\"https:\/\/wirderledigt.at\/wp-content\/uploads\/2019\/03\/Reinigung.jpg\" width=\"1950\" height=\"821\" alt=\"Image\" loading=\"lazy\"><\/span><\/div><\/div><\/div><div class=\"x-section e16-e125 mg-0 mg-4 mg-5 mg-7 mg-e mg-h\"><div class=\"x-bg\" aria-hidden=\"true\"><div class=\"x-bg-layer-lower-image\" data-x-element-bg-layer=\"{&quot;parallaxSize&quot;:&quot;170%&quot;,&quot;parallaxDir&quot;:&quot;h&quot;,&quot;parallaxRev&quot;:false}\"><\/div><\/div><div class=\"x-container max width e16-e126 mg-j mg-k mg-l mg-m\"><div class=\"x-column x-sm x-1-1 e16-e127 mg-x\"><hr class=\"x-line e16-e128 mg-11 mg-12\"\/><\/div><\/div><\/div><div class=\"x-section e16-e129 mg-0 mg-4 mg-5 mg-7 mg-9 mg-e mg-i\"><div class=\"x-bg\" aria-hidden=\"true\"><div class=\"x-bg-layer-lower-image\" data-x-element-bg-layer=\"{&quot;parallaxSize&quot;:&quot;220%&quot;,&quot;parallaxDir&quot;:&quot;h&quot;,&quot;parallaxRev&quot;:false}\"><\/div><\/div><div class=\"x-container max width e16-e130 mg-j mg-k mg-l mg-m\"><div class=\"x-column x-sm x-1-1 e16-e131 mg-x\"><div class=\"x-text x-content e16-e132 mg-1r mg-1u mg-23 mg-25\">Eine Marke der Firma Fireball Transportdienstleistungs GmbH.<\/div><\/div><\/div><div class=\"x-container max width e16-e133 mg-j mg-k mg-l mg-m\"><div class=\"x-column x-sm x-1-1 e16-e134 mg-x\"><a class=\"x-image e16-e135 mg-13 mg-18\" href=\"http:\/\/www.fireballgmbh.at\/\" target=\"_blank\" rel=\"noopener noreferrer\"><img decoding=\"async\" src=\"https:\/\/wirderledigt.at\/wp-content\/uploads\/2021\/04\/Fireball_Logo.png\" width=\"1348\" height=\"392\" alt=\"Image\" loading=\"lazy\"><\/a><\/div><\/div><\/div><\/div>\n","protected":false},"excerpt":{"rendered":"<p>wir machen es einfach! Geht nicht &#8211; gibt&#8217;s nicht! Dieses Motto haben wir uns vorgenommen. Bei uns erhalten Sie unkomplizierte Hilfe f\u00fcr die Arbeiten, die endlich erledigt werden m\u00fcssen. Warten Sie nicht bis Ihnen der Rasen bei der T\u00fcre herein w\u00e4chst, die Vorh\u00e4nge auf den Kopf fallen oder sich der Schrank von alleine aufstellt. Wir sind erfahrene Profis; P\u00fcnktlichkeit ist &#8230; <\/p>\n<div><a href=\"https:\/\/wirderledigt.at\/\" class=\"more-link\">Read More<\/a><\/div>\n","protected":false},"author":1,"featured_media":0,"parent":0,"menu_order":0,"comment_status":"closed","ping_status":"closed","template":"template-blank-4.php","meta":{"footnotes":""},"class_list":["post-16","page","type-page","status-publish","hentry","no-post-thumbnail"],"_links":{"self":[{"href":"https:\/\/wirderledigt.at\/index.php?rest_route=\/wp\/v2\/pages\/16","targetHints":{"allow":["GET"]}}],"collection":[{"href":"https:\/\/wirderledigt.at\/index.php?rest_route=\/wp\/v2\/pages"}],"about":[{"href":"https:\/\/wirderledigt.at\/index.php?rest_route=\/wp\/v2\/types\/page"}],"author":[{"embeddable":true,"href":"https:\/\/wirderledigt.at\/index.php?rest_route=\/wp\/v2\/users\/1"}],"replies":[{"embeddable":true,"href":"https:\/\/wirderledigt.at\/index.php?rest_route=%2Fwp%2Fv2%2Fcomments&post=16"}],"version-history":[{"count":35,"href":"https:\/\/wirderledigt.at\/index.php?rest_route=\/wp\/v2\/pages\/16\/revisions"}],"predecessor-version":[{"id":229,"href":"https:\/\/wirderledigt.at\/index.php?rest_route=\/wp\/v2\/pages\/16\/revisions\/229"}],"wp:attachment":[{"href":"https:\/\/wirderledigt.at\/index.php?rest_route=%2Fwp%2Fv2%2Fmedia&parent=16"}],"curies":[{"name":"wp","href":"https:\/\/api.w.org\/{rel}","templated":true}]}}